{"id":12437,"date":"2022-12-23T16:32:49","date_gmt":"2022-12-23T15:32:49","guid":{"rendered":"http:\/\/localhost\/wordpress\/?page_id=12437"},"modified":"2023-02-20T14:15:11","modified_gmt":"2023-02-20T13:15:11","slug":"evenementsecoleprimairesahloul","status":"publish","type":"page","link":"http:\/\/146.59.159.175\/ameduv\/?page_id=12437","title":{"rendered":"\u00c9v\u00e9nement Universit\u00e9 EL AMED Sahloul"},"content":{"rendered":"","protected":false},"excerpt":{"rendered":"","protected":false},"author":1,"featured_media":0,"parent":0,"menu_order":0,"comment_status":"closed","ping_status":"closed","template":"","meta":{"pmpro_default_level":0},"aioseo_notices":[],"acf":[],"_links":{"self":[{"href":"http:\/\/146.59.159.175\/ameduv\/index.php?rest_route=\/wp\/v2\/pages\/12437"}],"collection":[{"href":"http:\/\/146.59.159.175\/ameduv\/index.php?rest_route=\/wp\/v2\/pages"}],"about":[{"href":"http:\/\/146.59.159.175\/ameduv\/index.php?rest_route=\/wp\/v2\/types\/page"}],"author":[{"embeddable":true,"href":"http:\/\/146.59.159.175\/ameduv\/index.php?rest_route=\/wp\/v2\/users\/1"}],"replies":[{"embeddable":true,"href":"http:\/\/146.59.159.175\/ameduv\/index.php?rest_route=%2Fwp%2Fv2%2Fcomments&post=12437"}],"version-history":[{"count":5,"href":"http:\/\/146.59.159.175\/ameduv\/index.php?rest_route=\/wp\/v2\/pages\/12437\/revisions"}],"predecessor-version":[{"id":13949,"href":"http:\/\/146.59.159.175\/ameduv\/index.php?rest_route=\/wp\/v2\/pages\/12437\/revisions\/13949"}],"wp:attachment":[{"href":"http:\/\/146.59.159.175\/ameduv\/index.php?rest_route=%2Fwp%2Fv2%2Fmedia&parent=12437"}],"curies":[{"name":"wp","href":"https:\/\/api.w.org\/{rel}","templated":true}]}}